{"id":19,"date":"2020-06-10T15:03:38","date_gmt":"2020-06-10T13:03:38","guid":{"rendered":"https:\/\/tysk.berlin\/cms\/?page_id=19"},"modified":"2022-07-25T10:27:27","modified_gmt":"2022-07-25T08:27:27","slug":"wer-ist-tysk","status":"publish","type":"page","link":"https:\/\/tysk.berlin\/en\/wer-ist-tysk\/","title":{"rendered":"Wer ist Tysk"},"content":{"rendered":"\n\t\t\t<!-- START Slider 2 1 REVOLUTION SLIDER 6.7.32 --><p class=\"rs-p-wp-fix\"><\/p>\n\t\t\t<rs-module-wrap id=\"rev_slider_3_1_wrapper\" data-source=\"gallery\" style=\"visibility:hidden;background:transparent;padding:0;margin:0px auto;margin-top:0;margin-bottom:0;\">\n\t\t\t\t<rs-module id=\"rev_slider_3_1\" style=\"\" data-version=\"6.7.32\">\n\t\t\t\t\t<rs-slides style=\"overflow: hidden; position: absolute;\">\n\t\t\t\t\t\t<rs-slide style=\"position: absolute;\" data-key=\"rs-3\" data-title=\"Slide\" data-anim=\"ms:1000;r:0;\" data-in=\"o:0;\" data-out=\"a:false;\">\n\t\t\t\t\t\t\t<img decoding=\"async\" src=\"\/\/tysk.berlin\/wp-content\/plugins\/revslider\/sr6\/assets\/assets\/dummy.png\" alt=\"\" title=\"wer ist tysk\" width=\"2200\" height=\"1080\" class=\"rev-slidebg tp-rs-img rs-lazyload\" data-lazyload=\"\/\/tysk.berlin\/wp-content\/uploads\/2020\/06\/home_background2_os.jpg\" data-no-retina>\n<!---->\t\t\t\t\t<\/rs-slide>\n\t\t\t\t\t<\/rs-slides>\n\t\t\t\t<\/rs-module>\n\t\t\t\t<script>\n\t\t\t\t\tsetREVStartSize({c: 'rev_slider_3_1',rl:[1240,1024,778,480],el:[500,768,960,720],gw:[1240,1024,778,480],gh:[500,768,960,400],type:'standard',justify:'',layout:'fullwidth',mh:\"0\"});if (window.RS_MODULES!==undefined && window.RS_MODULES.modules!==undefined && window.RS_MODULES.modules[\"revslider31\"]!==undefined) {window.RS_MODULES.modules[\"revslider31\"].once = false;window.revapi3 = undefined;if (window.RS_MODULES.checkMinimal!==undefined) window.RS_MODULES.checkMinimal()}\n\t\t\t\t<\/script>\n\t\t\t<\/rs-module-wrap>\n\t\t\t<!-- END REVOLUTION SLIDER -->\n\n<h1>Wer\u00a0ist\u00a0Tysk?<\/h1>\n<p><img loading=\"lazy\" decoding=\"async\" class=\"alignnone size-large wp-image-584\" src=\"https:\/\/tysk.berlin\/wp-content\/uploads\/2022\/07\/Tim-Szyska_Tysk-1024x819.jpg\" alt=\"\" width=\"720\" height=\"576\" srcset=\"https:\/\/tysk.berlin\/wp-content\/uploads\/2022\/07\/Tim-Szyska_Tysk-1024x819.jpg 1024w, https:\/\/tysk.berlin\/wp-content\/uploads\/2022\/07\/Tim-Szyska_Tysk-450x360.jpg 450w, https:\/\/tysk.berlin\/wp-content\/uploads\/2022\/07\/Tim-Szyska_Tysk-768x614.jpg 768w, https:\/\/tysk.berlin\/wp-content\/uploads\/2022\/07\/Tim-Szyska_Tysk.jpg 1350w\" sizes=\"auto, (max-width: 720px) 100vw, 720px\" \/><br \/>\nMein Name ist Tim. Geboren wurde ich in Berlin, wo ich lebe, arbeite und meine Kreativit\u00e4t auslebe. Die Ausbildung zum Schneider und Schnittmacher habe ich in dieser vielf\u00e4ltigen Stadt absolviert \u2013 sie hat mich gepr\u00e4gt, mich geleitet und meine Entfaltung erm\u00f6glicht. Ich bin schwul und lebe meinen Fetisch, liebe Leder und seine Verarbeitung. Ich bin in der bunten Berliner Szene unterwegs und genie\u00dfe die zahlreichen Eindr\u00fccke, welche diese spannende Stadt bietet. Besonders gerne tausche ich mit den unterschiedlichsten Charakteren aus \u2013 seien es Ortsans\u00e4ssige oder die zahlreichen internationalen Besucher in dieser Stadt.<\/p>\n<p>Mein Fetisch, mein Leben, meine Erfahrungen. All das hat mir den Weg gezeigt, mich in diesem Bereich nicht nur privat, sondern auch beruflich frei verwirklichen zu k\u00f6nnen. Im Jahr 2016 habe ich meine Marke \u201eTysk\u201c erschaffen, um es auch anderen Menschen zu erm\u00f6glichen, ihre Phantasien, Leidenschaften sowie ihren individuellen Stil ausleben zu k\u00f6nnen.<\/p>\n<div style=\"clear:both;width:100%;\"><\/div>\n<div class=\"ctsc-spacer  \" style=\"height:35px\"><\/div>\n<div class=\"ctsc-animation ctsc-animation ctsc-animation-zoomin\" data-delay=\"200\">\n<p><img loading=\"lazy\" decoding=\"async\" class=\"alignnone size-full wp-image-151\" src=\"https:\/\/tysk.berlin\/wp-content\/uploads\/2020\/06\/massanfertigung_leder_Leather.jpg\" alt=\"\" width=\"1500\" height=\"494\" srcset=\"https:\/\/tysk.berlin\/wp-content\/uploads\/2020\/06\/massanfertigung_leder_Leather.jpg 1500w, https:\/\/tysk.berlin\/wp-content\/uploads\/2020\/06\/massanfertigung_leder_Leather-450x148.jpg 450w, https:\/\/tysk.berlin\/wp-content\/uploads\/2020\/06\/massanfertigung_leder_Leather-1024x337.jpg 1024w, https:\/\/tysk.berlin\/wp-content\/uploads\/2020\/06\/massanfertigung_leder_Leather-768x253.jpg 768w\" sizes=\"auto, (max-width: 1500px) 100vw, 1500px\" \/><\/p>\n<\/div>\n<h2>Ma\u00dfanfertigung<\/h2>\n<p>Leder muss passen. Es muss sitzen wie eine zweite Haut und jede Bewegung mitmachen. Ich fertige nur auf Ma\u00df. Dadurch garantiere ich dir, dass du dein perfektes Wunsch-Outfit erh\u00e4ltst und ich deine ganz pers\u00f6nlichen W\u00fcnsche und Vorstellungen einbringen kann. Du kannst deine Klassiker \u2013 wie etwa Uniformhemden oder Breeches \u2013 in allen Details \u00e4ndern, egal ob es um den Zuschnitt, die Kn\u00f6pfe oder die Taschen geht. Du willst mal was anderes als schlichtes schwarz? Kein Problem, mittlerweile gibt es hochwertiges Leder in allen erdenklichen Farben. Aufzufallen ist ja bekanntlich der erste Schritt, um interessierte und geile Blicke anzuziehen.<\/p>\n<p>Ich helfe dir aber auch gern dabei, jedes andere Design zu verwirklichen. Die Grenzen setzt nur deine Phantasie. Du m\u00f6chtest mal sportlich unterwegs sein? Kein Problem! Warum nicht mal geile Fu\u00dfballshorts oder ne l\u00e4ssiger Jogger aus Leder?<\/p>\n<p>Auch wenn es etwas Alltagstaugliches sein soll, bin ich gerne behilflich. Wir sorgen daf\u00fcr, dass du deinen Fetisch auch im B\u00fcro sp\u00fcren kannst. Trau dich, und du wirst sehen, dass fast alles m\u00f6glich ist!<\/p>\n<p>F\u00fcr die Massenproduktion wird h\u00e4ufig entsprechend billiges Leder verwendet, das meist nur oberfl\u00e4chlich gef\u00e4rbt ist \u2013 von giftigen Schwermetallen und \u00e4hnlichem ganz zu schweigen. So etwas kommt mir nicht ins Haus. Bei TYSK verwende ich ausschlie\u00dflich naturgegerbtes Leder, das zudem eine bessere F\u00e4rbung aufweist und frei von derartigen Giften ist. Somit tust du nicht nur der Umwelt, sondern auch deiner Gesundheit etwas Gutes. Und ich kann dir versprechen, dass dein neues Outfit nicht nur gut aussieht, sondern auch lange h\u00e4lt. Mein Anspruch ist es, dass meine Produkte geile, langj\u00e4hrige Begleiter durch dein Fetischleben sind.<\/p>\n<div class=\"ctsc-spacer  \" style=\"height:35px\"><\/div>\n\n\t\t\t<!-- START Slider 3 1 REVOLUTION SLIDER 6.7.32 --><p class=\"rs-p-wp-fix\"><\/p>\n\t\t\t<rs-module-wrap id=\"rev_slider_11_2_wrapper\" data-source=\"gallery\" style=\"visibility:hidden;background:transparent;padding:0;margin:0px auto;margin-top:0;margin-bottom:0;\">\n\t\t\t\t<rs-module id=\"rev_slider_11_2\" style=\"\" data-version=\"6.7.32\">\n\t\t\t\t\t<rs-slides style=\"overflow: hidden; position: absolute;\">\n\t\t\t\t\t\t<rs-slide style=\"position: absolute;\" data-key=\"rs-11\" data-title=\"Slide\" data-anim=\"ms:1000;r:0;\" data-in=\"o:0;\" data-out=\"a:false;\">\n\t\t\t\t\t\t\t<img decoding=\"async\" src=\"\/\/tysk.berlin\/wp-content\/plugins\/revslider\/sr6\/assets\/assets\/dummy.png\" alt=\"\" title=\"Wer ist Tysk\" class=\"rev-slidebg tp-rs-img rs-lazyload\" data-lazyload=\"\/\/tysk.berlin\/wp-content\/plugins\/revslider\/sr6\/assets\/assets\/transparent.png\" data-no-retina>\n\t\t\t\t\t\t\t<rs-bgvideo \n\t\t\t\t\t\t\t\tdata-video=\"w:100%;h:100%;nse:false;l:true;ptimer:false;vfc:true;\"\n\t\t\t\t\t\t\t\tdata-mp4=\"\/\/tysk.berlin\/wp-content\/uploads\/2020\/06\/tysk-main-loop-niete.mp4\"\n\t\t\t\t\t\t\t><\/rs-bgvideo>\n<!---->\t\t\t\t\t<\/rs-slide>\n\t\t\t\t\t<\/rs-slides>\n\t\t\t\t<\/rs-module>\n\t\t\t\t<script>\n\t\t\t\t\tsetREVStartSize({c: 'rev_slider_11_2',rl:[1240,1024,778,480],el:[480],gw:[1240],gh:[480],type:'standard',justify:'',layout:'fullwidth',mh:\"0\"});if (window.RS_MODULES!==undefined && window.RS_MODULES.modules!==undefined && window.RS_MODULES.modules[\"revslider112\"]!==undefined) {window.RS_MODULES.modules[\"revslider112\"].once = false;window.revapi11 = undefined;if (window.RS_MODULES.checkMinimal!==undefined) window.RS_MODULES.checkMinimal()}\n\t\t\t\t<\/script>\n\t\t\t<\/rs-module-wrap>\n\t\t\t<!-- END REVOLUTION SLIDER -->\n\n<h2>Herstellung<\/h2>\n<p>Damit deine Teile gut und geil sitzen, m\u00fcssen wir uns dreimal treffen. Schlie\u00dflich wollen wir nicht, dass dein neues Hemd flattert und der Arsch in den Kniekehlen h\u00e4ngt.<\/p>\n<p>Beim ersten Treffen nehme ich daher an allen erforderlichen Stellen gr\u00fcndlich Ma\u00df. Wir entwickeln zusammen das Design, und anschlie\u00dfend mache ich mich sofort an die Arbeit.<\/p>\n<p>Beim zweiten Treffen erfolgt bereits die erste Anprobe. Dabei sehe ich, an welchen Stellen noch ein wenig Nacharbeit n\u00f6tig ist, und welche endg\u00fcltigen Anpassungen ich vornehmen muss. Au\u00dferdem erh\u00e4lst du schon einmal einen Eindruck, wie dein schickes neues Teil im Endzustand aussehen wird. Das steigert nicht nur die Vorfreude, es gibt dir auch die M\u00f6glichkeit, noch einmal letzte Details nach deinen W\u00fcnschen anzupassen.<\/p>\n<p>Beim dritten Treffen ist dann der gro\u00dfe Tag gekommen. Du probierst dein neues Outfit an, und das Warten hat sich schlie\u00dflich gelohnt. Danach kannst du es mit nach Hause nehmen, entweder in einer Tasche, oder auch gleich am Mann \u2013 damit du gleich die n\u00e4chste Fetischbar ansteuern und den einen oder anderen Kopf verdrehen kannst.<\/p>\n<div class=\"ctsc-spacer  \" style=\"height:35px\"><\/div>\n<div class=\"ctsc-animation ctsc-animation ctsc-animation-zoomin\" data-delay=\"200\">\n<p><img loading=\"lazy\" decoding=\"async\" class=\"alignnone wp-image-7\" src=\"https:\/\/tysk.berlin\/wp-content\/uploads\/2020\/06\/tysk_berlin_logo.png\" alt=\"\" width=\"992\" height=\"321\" srcset=\"https:\/\/tysk.berlin\/wp-content\/uploads\/2020\/06\/tysk_berlin_logo.png 800w, https:\/\/tysk.berlin\/wp-content\/uploads\/2020\/06\/tysk_berlin_logo-450x146.png 450w, https:\/\/tysk.berlin\/wp-content\/uploads\/2020\/06\/tysk_berlin_logo-768x249.png 768w\" sizes=\"auto, (max-width: 992px) 100vw, 992px\" \/><\/p>\n<\/div>\n<h2>Marke<\/h2>\n<p>Ich habe Fetisch nie als etwas Starres betrachtet. Fetisch ist lebendig und ver\u00e4ndert sich st\u00e4ndig. Neben den Klassikern wie Leder und Gummi wimmelt die Szene mittlerweile von vielen anderen Leidenschaften. Die Community hat sich organisiert, sodass uns all die Partys und Veranstaltungen jede Menge Gelegenheiten f\u00fcr geile Erlebnisse bieten.<\/p>\n<p>Mit Tysk will ich dir und all den anderen Lederkerlen da drau\u00dfen helfen, dieses Lebensgef\u00fchl zu zeigen und im wahrsten Sinn des Worts nach au\u00dfen zu tragen. Dabei ist es mir wichtig, dass du deiner Phantasie freien Lauf lassen kannst. Jeder hat seine eigenen Vorstellungen, was ihn erregt und worin er sich einfach geil und sexy f\u00fchlt. Zusammen entwickeln wir aus deinen W\u00fcnschen einen Plan und schlie\u00dflich dein pers\u00f6nliches, fertiges Outfit. Das ist das Ziel, das ich mir mit Tysk gesetzt habe.<\/p>\n<div class=\"ctsc-spacer  \" style=\"height:35px\"><\/div>\n<div class=\"ctsc-animation ctsc-animation ctsc-animation-zoomin\" data-delay=\"200\">\n<p><img loading=\"lazy\" decoding=\"async\" class=\"alignnone size-full wp-image-144\" src=\"https:\/\/tysk.berlin\/wp-content\/uploads\/2020\/06\/3_schritte.png\" alt=\"\" width=\"1500\" height=\"510\" srcset=\"https:\/\/tysk.berlin\/wp-content\/uploads\/2020\/06\/3_schritte.png 1500w, https:\/\/tysk.berlin\/wp-content\/uploads\/2020\/06\/3_schritte-450x153.png 450w, https:\/\/tysk.berlin\/wp-content\/uploads\/2020\/06\/3_schritte-1024x348.png 1024w, https:\/\/tysk.berlin\/wp-content\/uploads\/2020\/06\/3_schritte-768x261.png 768w\" sizes=\"auto, (max-width: 1500px) 100vw, 1500px\" \/><\/p>\n<\/div>\n","protected":false},"excerpt":{"rendered":"<p>Wer\u00a0ist\u00a0Tysk? Mein Name ist Tim. Geboren wurde ich in Berlin, wo ich lebe, arbeite und meine Kreativit\u00e4t auslebe. Die Ausbildung zum Schneider und Schnittmacher habe ich in dieser vielf\u00e4ltigen Stadt absolviert \u2013 sie hat mich gepr\u00e4gt, mich geleitet und meine Entfaltung erm\u00f6glicht. Ich bin schwul und lebe meinen Fetisch, liebe Leder und seine Verarbeitung. Ich bin in der bunten Berliner Szene unterwegs und genie\u00dfe die zahlreichen Eindr\u00fccke, welche diese spannende Stadt bietet. Besonders gerne tausche [&hellip;]<\/p>\n","protected":false},"author":1,"featured_media":0,"parent":0,"menu_order":0,"comment_status":"closed","ping_status":"closed","template":"","meta":{"footnotes":""},"class_list":["post-19","page","type-page","status-publish","hentry","post"],"translation":{"provider":"WPGlobus","version":"3.0.2","language":"en","enabled_languages":["de","en"],"languages":{"de":{"title":true,"content":true,"excerpt":false},"en":{"title":false,"content":false,"excerpt":false}}},"yoast_head":"<!-- This site is optimized with the Yoast SEO plugin v27.3 - https:\/\/yoast.com\/product\/yoast-seo-wordpress\/ -->\n<title>Wer ist Tysk - Tysk Berlin - Leder, Massanfertigung, Tailored Leather<\/title>\n<meta name=\"robots\" content=\"index, follow, max-snippet:-1, max-image-preview:large, max-video-preview:-1\" \/>\n<link rel=\"canonical\" href=\"https:\/\/tysk.berlin\/wer-ist-tysk\/\" \/>\n<meta property=\"og:locale\" content=\"en_US\" \/>\n<meta property=\"og:type\" content=\"article\" \/>\n<meta property=\"og:title\" content=\"Wer ist Tysk - Tysk Berlin - Leder, Massanfertigung, Tailored Leather\" \/>\n<meta property=\"og:url\" content=\"https:\/\/tysk.berlin\/wer-ist-tysk\/\" \/>\n<meta property=\"og:site_name\" content=\"Tysk Berlin - Leder, Massanfertigung, Tailored Leather\" \/>\n<meta property=\"article:modified_time\" content=\"2022-07-25T08:27:27+00:00\" \/>\n<meta property=\"og:image\" content=\"https:\/\/tysk.berlin\/wp-content\/uploads\/2022\/07\/Tim-Szyska_Tysk-1024x819.jpg\" \/>\n<meta name=\"twitter:card\" content=\"summary_large_image\" \/>\n<meta name=\"twitter:label1\" content=\"Est. reading time\" \/>\n\t<meta name=\"twitter:data1\" content=\"5 minutes\" \/>\n<script type=\"application\/ld+json\" class=\"yoast-schema-graph\">{\"@context\":\"https:\\\/\\\/schema.org\",\"@graph\":[{\"@type\":\"WebPage\",\"@id\":\"https:\\\/\\\/tysk.berlin\\\/wer-ist-tysk\\\/\",\"url\":\"https:\\\/\\\/tysk.berlin\\\/wer-ist-tysk\\\/\",\"name\":\"Wer ist Tysk - Tysk Berlin - Leder, Massanfertigung, Tailored Leather\",\"isPartOf\":{\"@id\":\"https:\\\/\\\/tysk.berlin\\\/#website\"},\"primaryImageOfPage\":{\"@id\":\"https:\\\/\\\/tysk.berlin\\\/wer-ist-tysk\\\/#primaryimage\"},\"image\":{\"@id\":\"https:\\\/\\\/tysk.berlin\\\/wer-ist-tysk\\\/#primaryimage\"},\"thumbnailUrl\":\"https:\\\/\\\/tysk.berlin\\\/wp-content\\\/uploads\\\/2022\\\/07\\\/Tim-Szyska_Tysk-1024x819.jpg\",\"datePublished\":\"2020-06-10T13:03:38+00:00\",\"dateModified\":\"2022-07-25T08:27:27+00:00\",\"description\":\"Tysk Leather - Leder aus Berlin - Dein Lederschneider f\u00fcr Lederkleidung mit Ma\u00dfanfertigung aus Berlin. Erfahre mehr \u00fcber mich und die Marke Tysk\",\"breadcrumb\":{\"@id\":\"https:\\\/\\\/tysk.berlin\\\/wer-ist-tysk\\\/#breadcrumb\"},\"inLanguage\":\"en-US\",\"potentialAction\":[{\"@type\":\"ReadAction\",\"target\":[\"https:\\\/\\\/tysk.berlin\\\/wer-ist-tysk\\\/\"]}]},{\"@type\":\"ImageObject\",\"inLanguage\":\"en-US\",\"@id\":\"https:\\\/\\\/tysk.berlin\\\/wer-ist-tysk\\\/#primaryimage\",\"url\":\"https:\\\/\\\/tysk.berlin\\\/wp-content\\\/uploads\\\/2022\\\/07\\\/Tim-Szyska_Tysk-1024x819.jpg\",\"contentUrl\":\"https:\\\/\\\/tysk.berlin\\\/wp-content\\\/uploads\\\/2022\\\/07\\\/Tim-Szyska_Tysk-1024x819.jpg\"},{\"@type\":\"BreadcrumbList\",\"@id\":\"https:\\\/\\\/tysk.berlin\\\/wer-ist-tysk\\\/#breadcrumb\",\"itemListElement\":[{\"@type\":\"ListItem\",\"position\":1,\"name\":\"Startseite\",\"item\":\"https:\\\/\\\/tysk.berlin\\\/\"},{\"@type\":\"ListItem\",\"position\":2,\"name\":\"Wer ist Tysk\"}]},{\"@type\":\"WebSite\",\"@id\":\"https:\\\/\\\/tysk.berlin\\\/#website\",\"url\":\"https:\\\/\\\/tysk.berlin\\\/\",\"name\":\"Tysk Berlin - Leder, Massanfertigung, Tailored Leather\",\"description\":\"Leder, Massanfertigung, Tailored Leather\",\"publisher\":{\"@id\":\"https:\\\/\\\/tysk.berlin\\\/#organization\"},\"potentialAction\":[{\"@type\":\"SearchAction\",\"target\":{\"@type\":\"EntryPoint\",\"urlTemplate\":\"https:\\\/\\\/tysk.berlin\\\/?s={search_term_string}\"},\"query-input\":{\"@type\":\"PropertyValueSpecification\",\"valueRequired\":true,\"valueName\":\"search_term_string\"}}],\"inLanguage\":\"en-US\"},{\"@type\":\"Organization\",\"@id\":\"https:\\\/\\\/tysk.berlin\\\/#organization\",\"name\":\"Tysk Berlin\",\"url\":\"https:\\\/\\\/tysk.berlin\\\/\",\"logo\":{\"@type\":\"ImageObject\",\"inLanguage\":\"en-US\",\"@id\":\"https:\\\/\\\/tysk.berlin\\\/#\\\/schema\\\/logo\\\/image\\\/\",\"url\":\"https:\\\/\\\/tysk.berlin\\\/wp-content\\\/uploads\\\/2020\\\/06\\\/tysk_berlin_logo.png\",\"contentUrl\":\"https:\\\/\\\/tysk.berlin\\\/wp-content\\\/uploads\\\/2020\\\/06\\\/tysk_berlin_logo.png\",\"width\":800,\"height\":259,\"caption\":\"Tysk Berlin\"},\"image\":{\"@id\":\"https:\\\/\\\/tysk.berlin\\\/#\\\/schema\\\/logo\\\/image\\\/\"}}]}<\/script>\n<!-- \/ Yoast SEO plugin. -->","yoast_head_json":{"title":"Wer ist Tysk - Tysk Berlin - Leder, Massanfertigung, Tailored Leather","robots":{"index":"index","follow":"follow","max-snippet":"max-snippet:-1","max-image-preview":"max-image-preview:large","max-video-preview":"max-video-preview:-1"},"canonical":"https:\/\/tysk.berlin\/wer-ist-tysk\/","og_locale":"en_US","og_type":"article","og_title":"Wer ist Tysk - Tysk Berlin - Leder, Massanfertigung, Tailored Leather","og_url":"https:\/\/tysk.berlin\/wer-ist-tysk\/","og_site_name":"Tysk Berlin - Leder, Massanfertigung, Tailored Leather","article_modified_time":"2022-07-25T08:27:27+00:00","og_image":[{"url":"https:\/\/tysk.berlin\/wp-content\/uploads\/2022\/07\/Tim-Szyska_Tysk-1024x819.jpg","type":"","width":"","height":""}],"twitter_card":"summary_large_image","twitter_misc":{"Est. reading time":"5 minutes"},"schema":{"@context":"https:\/\/schema.org","@graph":[{"@type":"WebPage","@id":"https:\/\/tysk.berlin\/wer-ist-tysk\/","url":"https:\/\/tysk.berlin\/wer-ist-tysk\/","name":"Wer ist Tysk - Tysk Berlin - Leder, Massanfertigung, Tailored Leather","isPartOf":{"@id":"https:\/\/tysk.berlin\/#website"},"primaryImageOfPage":{"@id":"https:\/\/tysk.berlin\/wer-ist-tysk\/#primaryimage"},"image":{"@id":"https:\/\/tysk.berlin\/wer-ist-tysk\/#primaryimage"},"thumbnailUrl":"https:\/\/tysk.berlin\/wp-content\/uploads\/2022\/07\/Tim-Szyska_Tysk-1024x819.jpg","datePublished":"2020-06-10T13:03:38+00:00","dateModified":"2022-07-25T08:27:27+00:00","description":"Tysk Leather - Leder aus Berlin - Dein Lederschneider f\u00fcr Lederkleidung mit Ma\u00dfanfertigung aus Berlin. Erfahre mehr \u00fcber mich und die Marke Tysk","breadcrumb":{"@id":"https:\/\/tysk.berlin\/wer-ist-tysk\/#breadcrumb"},"inLanguage":"en-US","potentialAction":[{"@type":"ReadAction","target":["https:\/\/tysk.berlin\/wer-ist-tysk\/"]}]},{"@type":"ImageObject","inLanguage":"en-US","@id":"https:\/\/tysk.berlin\/wer-ist-tysk\/#primaryimage","url":"https:\/\/tysk.berlin\/wp-content\/uploads\/2022\/07\/Tim-Szyska_Tysk-1024x819.jpg","contentUrl":"https:\/\/tysk.berlin\/wp-content\/uploads\/2022\/07\/Tim-Szyska_Tysk-1024x819.jpg"},{"@type":"BreadcrumbList","@id":"https:\/\/tysk.berlin\/wer-ist-tysk\/#breadcrumb","itemListElement":[{"@type":"ListItem","position":1,"name":"Startseite","item":"https:\/\/tysk.berlin\/"},{"@type":"ListItem","position":2,"name":"Wer ist Tysk"}]},{"@type":"WebSite","@id":"https:\/\/tysk.berlin\/#website","url":"https:\/\/tysk.berlin\/","name":"Tysk Berlin - Leder, Massanfertigung, Tailored Leather","description":"Leder, Massanfertigung, Tailored Leather","publisher":{"@id":"https:\/\/tysk.berlin\/#organization"},"potentialAction":[{"@type":"SearchAction","target":{"@type":"EntryPoint","urlTemplate":"https:\/\/tysk.berlin\/?s={search_term_string}"},"query-input":{"@type":"PropertyValueSpecification","valueRequired":true,"valueName":"search_term_string"}}],"inLanguage":"en-US"},{"@type":"Organization","@id":"https:\/\/tysk.berlin\/#organization","name":"Tysk Berlin","url":"https:\/\/tysk.berlin\/","logo":{"@type":"ImageObject","inLanguage":"en-US","@id":"https:\/\/tysk.berlin\/#\/schema\/logo\/image\/","url":"https:\/\/tysk.berlin\/wp-content\/uploads\/2020\/06\/tysk_berlin_logo.png","contentUrl":"https:\/\/tysk.berlin\/wp-content\/uploads\/2020\/06\/tysk_berlin_logo.png","width":800,"height":259,"caption":"Tysk Berlin"},"image":{"@id":"https:\/\/tysk.berlin\/#\/schema\/logo\/image\/"}}]}},"_links":{"self":[{"href":"https:\/\/tysk.berlin\/en\/wp-json\/wp\/v2\/pages\/19","targetHints":{"allow":["GET"]}}],"collection":[{"href":"https:\/\/tysk.berlin\/en\/wp-json\/wp\/v2\/pages"}],"about":[{"href":"https:\/\/tysk.berlin\/en\/wp-json\/wp\/v2\/types\/page"}],"author":[{"embeddable":true,"href":"https:\/\/tysk.berlin\/en\/wp-json\/wp\/v2\/users\/1"}],"replies":[{"embeddable":true,"href":"https:\/\/tysk.berlin\/en\/wp-json\/wp\/v2\/comments?post=19"}],"version-history":[{"count":18,"href":"https:\/\/tysk.berlin\/en\/wp-json\/wp\/v2\/pages\/19\/revisions"}],"predecessor-version":[{"id":585,"href":"https:\/\/tysk.berlin\/en\/wp-json\/wp\/v2\/pages\/19\/revisions\/585"}],"wp:attachment":[{"href":"https:\/\/tysk.berlin\/en\/wp-json\/wp\/v2\/media?parent=19"}],"curies":[{"name":"wp","href":"https:\/\/api.w.org\/{rel}","templated":true}]}}