{"id":526,"date":"2022-05-10T10:10:20","date_gmt":"2022-05-10T08:10:20","guid":{"rendered":"https:\/\/tysk.berlin\/?page_id=526"},"modified":"2026-03-19T11:47:39","modified_gmt":"2026-03-19T10:47:39","slug":"jobs-stellenangebot","status":"publish","type":"page","link":"https:\/\/tysk.berlin\/en\/jobs-stellenangebot\/","title":{"rendered":"Jobs"},"content":{"rendered":"<p><strong><span style=\"font-size: x-large;\">Aktuell keine offenen Stellen<\/span><\/strong><\/p>\n<hr \/>\n<p><strong>Verk\u00e4ufer (m\/w\/d)\/ MINIJOB<\/strong><\/p>\n<p>TYSK Berlin sucht DICH!<\/p>\n<p>Gesucht wird ein Verk\u00e4ufer (m\/w\/d) f\u00fcr den Laden auf Minijob-Basis ab April 2026.<br \/>\nVoraussetzung sind eine selbstst\u00e4ndige Arbeitsweise, gute Deutschkenntnisse und<br \/>\nTeamf\u00e4higkeit.<\/p>\n<p>Erfahrung im Verkauf von Bekleidung und Accessoires.<br \/>\nUnser Lederatelier hat Dienstags bis Samstags ab 13:00 Uhr ge\u00f6ffnet.<\/p>\n<p>Sende deinen Lebenslauf an:<br \/>\ntim@tysk.berlin<\/p>\n<p>Alle Geschlechter sind Willkommen! Ich freue mich auf deine Bewerbung.<\/p>\n","protected":false},"excerpt":{"rendered":"<p>Aktuell keine offenen Stellen Verk\u00e4ufer (m\/w\/d)\/ MINIJOB TYSK Berlin sucht DICH! Gesucht wird ein Verk\u00e4ufer (m\/w\/d) f\u00fcr den Laden auf Minijob-Basis ab April 2026. Voraussetzung sind eine selbstst\u00e4ndige Arbeitsweise, gute Deutschkenntnisse und Teamf\u00e4higkeit. Erfahrung im Verkauf von Bekleidung und Accessoires. Unser Lederatelier hat Dienstags bis Samstags ab 13:00 Uhr ge\u00f6ffnet. Sende deinen Lebenslauf an: tim@tysk.berlin Alle Geschlechter sind Willkommen! Ich freue mich auf deine Bewerbung.<\/p>\n","protected":false},"author":1,"featured_media":0,"parent":0,"menu_order":0,"comment_status":"closed","ping_status":"closed","template":"","meta":{"footnotes":""},"class_list":["post-526","page","type-page","status-publish","hentry","post"],"translation":{"provider":"WPGlobus","version":"3.0.2","language":"en","enabled_languages":["de","en"],"languages":{"de":{"title":true,"content":true,"excerpt":false},"en":{"title":false,"content":false,"excerpt":false}}},"yoast_head":"<!-- This site is optimized with the Yoast SEO plugin v27.3 - https:\/\/yoast.com\/product\/yoast-seo-wordpress\/ -->\n<title>Jobs - Tysk Berlin - Leder, Massanfertigung, Tailored Leather<\/title>\n<meta name=\"robots\" content=\"index, follow, max-snippet:-1, max-image-preview:large, max-video-preview:-1\" \/>\n<link rel=\"canonical\" href=\"https:\/\/tysk.berlin\/jobs-stellenangebot\/\" \/>\n<meta property=\"og:locale\" content=\"en_US\" \/>\n<meta property=\"og:type\" content=\"article\" \/>\n<meta property=\"og:title\" content=\"Jobs \/ Stellenangebot bei Tysk Berlin - Leder, Massanfertigung, Tailored Leather\" \/>\n<meta property=\"og:description\" content=\"Du suchst einen coolen Job als Schneider m\/w\/d in einem aufstrebendem jungen Unternehmen in Berlin? Schau rein auf unsere Webseite!\" \/>\n<meta property=\"og:url\" content=\"https:\/\/tysk.berlin\/jobs-stellenangebot\/\" \/>\n<meta property=\"og:site_name\" content=\"Tysk Berlin - Leder, Massanfertigung, Tailored Leather\" \/>\n<meta property=\"article:modified_time\" content=\"2026-03-19T10:47:39+00:00\" \/>\n<meta property=\"og:image\" content=\"https:\/\/tysk.berlin\/wp-content\/uploads\/2022\/05\/Stellenausschreibung_FullHD-1024x576.png\" \/>\n\t<meta property=\"og:image:width\" content=\"1920\" \/>\n\t<meta property=\"og:image:height\" content=\"1080\" \/>\n\t<meta property=\"og:image:type\" content=\"image\/png\" \/>\n<meta name=\"twitter:card\" content=\"summary_large_image\" \/>\n<meta name=\"twitter:title\" content=\"Jobs \/ Stellenangebot bei Tysk Berlin - Leder, Massanfertigung, Tailored Leather\" \/>\n<meta name=\"twitter:description\" content=\"Du suchst einen coolen Job als Schneider m\/w\/d in einem aufstrebendem jungen Unternehmen in Berlin? Schau rein auf unsere Webseite!\" \/>\n<meta name=\"twitter:image\" content=\"https:\/\/tysk.berlin\/wp-content\/uploads\/2022\/05\/Stellenausschreibung_FullHD-1024x576.png\" \/>\n<meta name=\"twitter:label1\" content=\"Est. reading time\" \/>\n\t<meta name=\"twitter:data1\" content=\"1 minute\" \/>\n<script type=\"application\/ld+json\" class=\"yoast-schema-graph\">{\"@context\":\"https:\\\/\\\/schema.org\",\"@graph\":[{\"@type\":\"WebPage\",\"@id\":\"https:\\\/\\\/tysk.berlin\\\/jobs-stellenangebot\\\/\",\"url\":\"https:\\\/\\\/tysk.berlin\\\/jobs-stellenangebot\\\/\",\"name\":\"Jobs - Tysk Berlin - Leder, Massanfertigung, Tailored Leather\",\"isPartOf\":{\"@id\":\"https:\\\/\\\/tysk.berlin\\\/#website\"},\"datePublished\":\"2022-05-10T08:10:20+00:00\",\"dateModified\":\"2026-03-19T10:47:39+00:00\",\"description\":\"Du suchst einen coolen Job m\\\/w\\\/d in einem aufstrebendem jungen Unternehmen in Berlin? Schau rein auf unsere Webseite!\",\"breadcrumb\":{\"@id\":\"https:\\\/\\\/tysk.berlin\\\/jobs-stellenangebot\\\/#breadcrumb\"},\"inLanguage\":\"en-US\",\"potentialAction\":[{\"@type\":\"ReadAction\",\"target\":[\"https:\\\/\\\/tysk.berlin\\\/jobs-stellenangebot\\\/\"]}]},{\"@type\":\"BreadcrumbList\",\"@id\":\"https:\\\/\\\/tysk.berlin\\\/jobs-stellenangebot\\\/#breadcrumb\",\"itemListElement\":[{\"@type\":\"ListItem\",\"position\":1,\"name\":\"Startseite\",\"item\":\"https:\\\/\\\/tysk.berlin\\\/\"},{\"@type\":\"ListItem\",\"position\":2,\"name\":\"Jobs\"}]},{\"@type\":\"WebSite\",\"@id\":\"https:\\\/\\\/tysk.berlin\\\/#website\",\"url\":\"https:\\\/\\\/tysk.berlin\\\/\",\"name\":\"Tysk Berlin - Leder, Massanfertigung, Tailored Leather\",\"description\":\"Leder, Massanfertigung, Tailored Leather\",\"publisher\":{\"@id\":\"https:\\\/\\\/tysk.berlin\\\/#organization\"},\"potentialAction\":[{\"@type\":\"SearchAction\",\"target\":{\"@type\":\"EntryPoint\",\"urlTemplate\":\"https:\\\/\\\/tysk.berlin\\\/?s={search_term_string}\"},\"query-input\":{\"@type\":\"PropertyValueSpecification\",\"valueRequired\":true,\"valueName\":\"search_term_string\"}}],\"inLanguage\":\"en-US\"},{\"@type\":\"Organization\",\"@id\":\"https:\\\/\\\/tysk.berlin\\\/#organization\",\"name\":\"Tysk Berlin\",\"url\":\"https:\\\/\\\/tysk.berlin\\\/\",\"logo\":{\"@type\":\"ImageObject\",\"inLanguage\":\"en-US\",\"@id\":\"https:\\\/\\\/tysk.berlin\\\/#\\\/schema\\\/logo\\\/image\\\/\",\"url\":\"https:\\\/\\\/tysk.berlin\\\/wp-content\\\/uploads\\\/2020\\\/06\\\/tysk_berlin_logo.png\",\"contentUrl\":\"https:\\\/\\\/tysk.berlin\\\/wp-content\\\/uploads\\\/2020\\\/06\\\/tysk_berlin_logo.png\",\"width\":800,\"height\":259,\"caption\":\"Tysk Berlin\"},\"image\":{\"@id\":\"https:\\\/\\\/tysk.berlin\\\/#\\\/schema\\\/logo\\\/image\\\/\"}}]}<\/script>\n<!-- \/ Yoast SEO plugin. -->","yoast_head_json":{"title":"Jobs - Tysk Berlin - Leder, Massanfertigung, Tailored Leather","robots":{"index":"index","follow":"follow","max-snippet":"max-snippet:-1","max-image-preview":"max-image-preview:large","max-video-preview":"max-video-preview:-1"},"canonical":"https:\/\/tysk.berlin\/jobs-stellenangebot\/","og_locale":"en_US","og_type":"article","og_title":"Jobs \/ Stellenangebot bei Tysk Berlin - Leder, Massanfertigung, Tailored Leather","og_description":"Du suchst einen coolen Job als Schneider m\/w\/d in einem aufstrebendem jungen Unternehmen in Berlin? Schau rein auf unsere Webseite!","og_url":"https:\/\/tysk.berlin\/jobs-stellenangebot\/","og_site_name":"Tysk Berlin - Leder, Massanfertigung, Tailored Leather","article_modified_time":"2026-03-19T10:47:39+00:00","og_image":[{"width":1920,"height":1080,"url":"https:\/\/tysk.berlin\/wp-content\/uploads\/2022\/05\/Stellenausschreibung_FullHD-1024x576.png","type":"image\/png"}],"twitter_card":"summary_large_image","twitter_title":"Jobs \/ Stellenangebot bei Tysk Berlin - Leder, Massanfertigung, Tailored Leather","twitter_description":"Du suchst einen coolen Job als Schneider m\/w\/d in einem aufstrebendem jungen Unternehmen in Berlin? Schau rein auf unsere Webseite!","twitter_image":"https:\/\/tysk.berlin\/wp-content\/uploads\/2022\/05\/Stellenausschreibung_FullHD-1024x576.png","twitter_misc":{"Est. reading time":"1 minute"},"schema":{"@context":"https:\/\/schema.org","@graph":[{"@type":"WebPage","@id":"https:\/\/tysk.berlin\/jobs-stellenangebot\/","url":"https:\/\/tysk.berlin\/jobs-stellenangebot\/","name":"Jobs - Tysk Berlin - Leder, Massanfertigung, Tailored Leather","isPartOf":{"@id":"https:\/\/tysk.berlin\/#website"},"datePublished":"2022-05-10T08:10:20+00:00","dateModified":"2026-03-19T10:47:39+00:00","description":"Du suchst einen coolen Job m\/w\/d in einem aufstrebendem jungen Unternehmen in Berlin? Schau rein auf unsere Webseite!","breadcrumb":{"@id":"https:\/\/tysk.berlin\/jobs-stellenangebot\/#breadcrumb"},"inLanguage":"en-US","potentialAction":[{"@type":"ReadAction","target":["https:\/\/tysk.berlin\/jobs-stellenangebot\/"]}]},{"@type":"BreadcrumbList","@id":"https:\/\/tysk.berlin\/jobs-stellenangebot\/#breadcrumb","itemListElement":[{"@type":"ListItem","position":1,"name":"Startseite","item":"https:\/\/tysk.berlin\/"},{"@type":"ListItem","position":2,"name":"Jobs"}]},{"@type":"WebSite","@id":"https:\/\/tysk.berlin\/#website","url":"https:\/\/tysk.berlin\/","name":"Tysk Berlin - Leder, Massanfertigung, Tailored Leather","description":"Leder, Massanfertigung, Tailored Leather","publisher":{"@id":"https:\/\/tysk.berlin\/#organization"},"potentialAction":[{"@type":"SearchAction","target":{"@type":"EntryPoint","urlTemplate":"https:\/\/tysk.berlin\/?s={search_term_string}"},"query-input":{"@type":"PropertyValueSpecification","valueRequired":true,"valueName":"search_term_string"}}],"inLanguage":"en-US"},{"@type":"Organization","@id":"https:\/\/tysk.berlin\/#organization","name":"Tysk Berlin","url":"https:\/\/tysk.berlin\/","logo":{"@type":"ImageObject","inLanguage":"en-US","@id":"https:\/\/tysk.berlin\/#\/schema\/logo\/image\/","url":"https:\/\/tysk.berlin\/wp-content\/uploads\/2020\/06\/tysk_berlin_logo.png","contentUrl":"https:\/\/tysk.berlin\/wp-content\/uploads\/2020\/06\/tysk_berlin_logo.png","width":800,"height":259,"caption":"Tysk Berlin"},"image":{"@id":"https:\/\/tysk.berlin\/#\/schema\/logo\/image\/"}}]}},"_links":{"self":[{"href":"https:\/\/tysk.berlin\/en\/wp-json\/wp\/v2\/pages\/526","targetHints":{"allow":["GET"]}}],"collection":[{"href":"https:\/\/tysk.berlin\/en\/wp-json\/wp\/v2\/pages"}],"about":[{"href":"https:\/\/tysk.berlin\/en\/wp-json\/wp\/v2\/types\/page"}],"author":[{"embeddable":true,"href":"https:\/\/tysk.berlin\/en\/wp-json\/wp\/v2\/users\/1"}],"replies":[{"embeddable":true,"href":"https:\/\/tysk.berlin\/en\/wp-json\/wp\/v2\/comments?post=526"}],"version-history":[{"count":16,"href":"https:\/\/tysk.berlin\/en\/wp-json\/wp\/v2\/pages\/526\/revisions"}],"predecessor-version":[{"id":886,"href":"https:\/\/tysk.berlin\/en\/wp-json\/wp\/v2\/pages\/526\/revisions\/886"}],"wp:attachment":[{"href":"https:\/\/tysk.berlin\/en\/wp-json\/wp\/v2\/media?parent=526"}],"curies":[{"name":"wp","href":"https:\/\/api.w.org\/{rel}","templated":true}]}}